{"id":140,"date":"2025-01-03T22:03:12","date_gmt":"2025-01-03T20:03:12","guid":{"rendered":"https:\/\/tulevaluonto.fi\/?page_id=140"},"modified":"2025-03-05T16:08:01","modified_gmt":"2025-03-05T14:08:01","slug":"yhteystiedot","status":"publish","type":"page","link":"https:\/\/tulevaluonto.fi\/?page_id=140","title":{"rendered":"Yhteystiedot"},"content":{"rendered":"\t\t<div data-elementor-type=\"wp-page\" data-elementor-id=\"140\" class=\"elementor elementor-140\">\n\t\t\t\t<div class=\"elementor-element elementor-element-afe266d e-flex e-con-boxed e-con e-parent\" data-id=\"afe266d\" data-element_type=\"container\" data-e-type=\"container\" data-settings=\"{&quot;background_background&quot;:&quot;classic&quot;}\">\n\t\t\t\t\t<div class=\"e-con-inner\">\n\t\t\t\t\t<\/div>\n\t\t\t\t<\/div>\n\t\t<div class=\"elementor-element elementor-element-3c0077f e-flex e-con-boxed e-con e-parent\" data-id=\"3c0077f\" data-element_type=\"container\" data-e-type=\"container\">\n\t\t\t\t\t<div class=\"e-con-inner\">\n\t\t<div class=\"elementor-element elementor-element-4e00043 e-con-full e-flex e-con e-child\" data-id=\"4e00043\" data-element_type=\"container\" data-e-type=\"container\">\n\t\t<div class=\"elementor-element elementor-element-ddf8c7b e-con-full e-flex e-con e-child\" data-id=\"ddf8c7b\" data-element_type=\"container\" data-e-type=\"container\">\n\t\t\t\t<div class=\"elementor-element elementor-element-5d8e748 elementor-widget elementor-widget-spacer\" data-id=\"5d8e748\" data-element_type=\"widget\" data-e-type=\"widget\" data-widget_type=\"spacer.default\">\n\t\t\t\t<div class=\"elementor-widget-container\">\n\t\t\t\t\t\t\t<div class=\"elementor-spacer\">\n\t\t\t<div class=\"elementor-spacer-inner\"><\/div>\n\t\t<\/div>\n\t\t\t\t\t\t<\/div>\n\t\t\t\t<\/div>\n\t\t\t\t<\/div>\n\t\t\t\t<div class=\"elementor-element elementor-element-091d25f elementor-widget elementor-widget-image\" data-id=\"091d25f\" data-element_type=\"widget\" data-e-type=\"widget\" data-widget_type=\"image.default\">\n\t\t\t\t<div class=\"elementor-widget-container\">\n\t\t\t\t\t\t\t\t\t\t\t\t\t\t\t<img fetchpriority=\"high\" decoding=\"async\" width=\"1024\" height=\"681\" src=\"https:\/\/tulevaluonto.fi\/wp-content\/uploads\/2025\/01\/Jere-Nieminen_Kuva-Outi-Tehomaa-2024__-1024x681.jpg\" class=\"attachment-large size-large wp-image-152\" alt=\"\" srcset=\"https:\/\/tulevaluonto.fi\/wp-content\/uploads\/2025\/01\/Jere-Nieminen_Kuva-Outi-Tehomaa-2024__-1024x681.jpg 1024w, https:\/\/tulevaluonto.fi\/wp-content\/uploads\/2025\/01\/Jere-Nieminen_Kuva-Outi-Tehomaa-2024__-300x200.jpg 300w, https:\/\/tulevaluonto.fi\/wp-content\/uploads\/2025\/01\/Jere-Nieminen_Kuva-Outi-Tehomaa-2024__-768x511.jpg 768w, https:\/\/tulevaluonto.fi\/wp-content\/uploads\/2025\/01\/Jere-Nieminen_Kuva-Outi-Tehomaa-2024__-1536x1022.jpg 1536w, https:\/\/tulevaluonto.fi\/wp-content\/uploads\/2025\/01\/Jere-Nieminen_Kuva-Outi-Tehomaa-2024__-2048x1363.jpg 2048w\" sizes=\"(max-width: 1024px) 100vw, 1024px\" \/>\t\t\t\t\t\t\t\t\t\t\t\t\t\t\t<\/div>\n\t\t\t\t<\/div>\n\t\t\t\t<\/div>\n\t\t\t\t<div class=\"elementor-element elementor-element-bbdb680 elementor-widget elementor-widget-text-editor\" data-id=\"bbdb680\" data-element_type=\"widget\" data-e-type=\"widget\" data-widget_type=\"text-editor.default\">\n\t\t\t\t<div class=\"elementor-widget-container\">\n\t\t\t\t\t\t\t\t\t<h2>Jere Nieminen, Tuleva luonto Oy:n perustaja<\/h2><ul><li>Yhteystiedot: <em><strong>jere.nieminen[at]tulevaluonto.fi<\/strong><\/em><strong>, <\/strong><em><strong>+358 40 52kaksi 44 76<\/strong><\/em><\/li><li>Ymp\u00e4rist\u00f6politiikan tutkija<\/li><li>Maatalous- ja mets\u00e4tieteiden maisteri<\/li><li>Hallintotieteiden tohtori<\/li><li>Villi vy\u00f6hyke -yhdistyksen perustaja<\/li><li>Erikoisala kokeileva luonnonhoito ja ekologinen ennallistaminen<\/li><li>Kokemusta yli 150 niityn, kedon ja paahdeymp\u00e4rist\u00f6n suunnittelusta, perustamisesta ja hoidosta<\/li><li>Luonnonkasvien siementen ja taimien tuottaminen <em>(seed-based restoration)<\/em><\/li><li>Rakennetun ymp\u00e4rist\u00f6n biodiversiteetti<\/li><li>Kansalaisia osallistava luonnonhoito<\/li><li>Teollisten alueiden luontoa rikastava maisemointi (kiviainesalueet, meluvallit, rata-alueet, v\u00e4yl\u00e4alueet, maankaatopaikat, kaatopaikat, tehdasalueet)<\/li><li>Laajat biodiversiteettihankkeet (esim. Skanssin biodiversiteettipuisto Turussa, Mets\u00e4 Group Kemin biotuotetehtaan biodiversiteettihanke, m\u00e4kihiilikoin paahdeverkoston rakentaminen Nekalassa Tampereella)<\/li><li>Mets\u00e4luonnon ekologisen ennallistamisen uusien tapojen kehitt\u00e4minen<\/li><li>Ekologinen kompensaatio (esim. m\u00e4kihiilikoi, juurilasisiipi, ahdey\u00f6kk\u00f6nen)<\/li><li>Oppaat (esim. kaupunkien lahopuuopas, kouluniittyopas, osallistavan luonnonhoidon opas)<\/li><\/ul>\t\t\t\t\t\t\t\t<\/div>\n\t\t\t\t<\/div>\n\t\t<div class=\"elementor-element elementor-element-ede3cbb e-con-full e-flex e-con e-child\" data-id=\"ede3cbb\" data-element_type=\"container\" data-e-type=\"container\">\n\t\t\t\t<\/div>\n\t\t\t\t\t<\/div>\n\t\t\t\t<\/div>\n\t\t<div class=\"elementor-element elementor-element-80fe4ad e-flex e-con-boxed e-con e-parent\" data-id=\"80fe4ad\" data-element_type=\"container\" data-e-type=\"container\" data-settings=\"{&quot;background_background&quot;:&quot;classic&quot;}\">\n\t\t\t\t\t<div class=\"e-con-inner\">\n\t\t\t\t\t<\/div>\n\t\t\t\t<\/div>\n\t\t\t\t<\/div>\n\t\t","protected":false},"excerpt":{"rendered":"<p>Jere Nieminen, Tuleva luonto Oy:n perustaja Yhteystiedot: jere.nieminen[at]tulevaluonto.fi, +358 40 52kaksi 44 76 Ymp\u00e4rist\u00f6politiikan tutkija Maatalous- ja mets\u00e4tieteiden maisteri Hallintotieteiden tohtori Villi vy\u00f6hyke -yhdistyksen perustaja Erikoisala kokeileva luonnonhoito ja ekologinen ennallistaminen Kokemusta yli 150 niityn, kedon ja paahdeymp\u00e4rist\u00f6n suunnittelusta, perustamisesta ja hoidosta Luonnonkasvien siementen ja taimien tuottaminen (seed-based restoration) Rakennetun ymp\u00e4rist\u00f6n biodiversiteetti Kansalaisia osallistava luonnonhoito&#8230;<\/p>\n","protected":false},"author":1,"featured_media":0,"parent":0,"menu_order":3,"comment_status":"closed","ping_status":"closed","template":"","meta":{"_kad_post_transparent":"","_kad_post_title":"hide","_kad_post_layout":"fullwidth","_kad_post_sidebar_id":"","_kad_post_content_style":"unboxed","_kad_post_vertical_padding":"hide","_kad_post_feature":"hide","_kad_post_feature_position":"","_kad_post_header":false,"_kad_post_footer":false,"_kad_post_classname":"","footnotes":""},"class_list":["post-140","page","type-page","status-publish","hentry"],"_links":{"self":[{"href":"https:\/\/tulevaluonto.fi\/index.php?rest_route=\/wp\/v2\/pages\/140","targetHints":{"allow":["GET"]}}],"collection":[{"href":"https:\/\/tulevaluonto.fi\/index.php?rest_route=\/wp\/v2\/pages"}],"about":[{"href":"https:\/\/tulevaluonto.fi\/index.php?rest_route=\/wp\/v2\/types\/page"}],"author":[{"embeddable":true,"href":"https:\/\/tulevaluonto.fi\/index.php?rest_route=\/wp\/v2\/users\/1"}],"replies":[{"embeddable":true,"href":"https:\/\/tulevaluonto.fi\/index.php?rest_route=%2Fwp%2Fv2%2Fcomments&post=140"}],"version-history":[{"count":20,"href":"https:\/\/tulevaluonto.fi\/index.php?rest_route=\/wp\/v2\/pages\/140\/revisions"}],"predecessor-version":[{"id":428,"href":"https:\/\/tulevaluonto.fi\/index.php?rest_route=\/wp\/v2\/pages\/140\/revisions\/428"}],"wp:attachment":[{"href":"https:\/\/tulevaluonto.fi\/index.php?rest_route=%2Fwp%2Fv2%2Fmedia&parent=140"}],"curies":[{"name":"wp","href":"https:\/\/api.w.org\/{rel}","templated":true}]}}