{"id":65,"date":"2025-01-01T22:35:22","date_gmt":"2025-01-01T20:35:22","guid":{"rendered":"https:\/\/tulevaluonto.fi\/?page_id=65"},"modified":"2025-09-03T15:38:33","modified_gmt":"2025-09-03T12:38:33","slug":"etusivu","status":"publish","type":"page","link":"https:\/\/tulevaluonto.fi\/","title":{"rendered":"Etusivu"},"content":{"rendered":"\t\t<div data-elementor-type=\"wp-page\" data-elementor-id=\"65\" class=\"elementor elementor-65\">\n\t\t\t\t<div class=\"elementor-element elementor-element-4c18a35 e-con-full e-flex e-con e-parent\" data-id=\"4c18a35\" data-element_type=\"container\" data-e-type=\"container\">\n\t\t\t\t<\/div>\n\t\t<div class=\"elementor-element elementor-element-36c85c9 e-flex e-con-boxed e-con e-parent\" data-id=\"36c85c9\" data-element_type=\"container\" data-e-type=\"container\">\n\t\t\t\t\t<div class=\"e-con-inner\">\n\t\t<div class=\"elementor-element elementor-element-b5f910d e-con-full e-flex e-con e-child\" data-id=\"b5f910d\" data-element_type=\"container\" data-e-type=\"container\">\n\t\t\t\t<div class=\"elementor-element elementor-element-7a70b6a elementor-widget elementor-widget-spacer\" data-id=\"7a70b6a\" data-element_type=\"widget\" data-e-type=\"widget\" data-widget_type=\"spacer.default\">\n\t\t\t\t<div class=\"elementor-widget-container\">\n\t\t\t\t\t\t\t<div class=\"elementor-spacer\">\n\t\t\t<div class=\"elementor-spacer-inner\"><\/div>\n\t\t<\/div>\n\t\t\t\t\t\t<\/div>\n\t\t\t\t<\/div>\n\t\t\t\t<\/div>\n\t\t\t\t<div class=\"elementor-element elementor-element-9166591 elementor-widget elementor-widget-text-editor\" data-id=\"9166591\" data-element_type=\"widget\" data-e-type=\"widget\" data-widget_type=\"text-editor.default\">\n\t\t\t\t<div class=\"elementor-widget-container\">\n\t\t\t\t\t\t\t\t\t<h1>Mit\u00e4 teemme?<\/h1><p>Olemme osakeyhti\u00f6, joka vauhdittaa yhteiskunnallista siirtym\u00e4\u00e4 parempaan biodiversiteetin hallintaan. Tavoitteenamme on tuottaa konkreettisia ja rakentavia ratkaisuja, jotka osoittavat tulevaisuuden uudenlaisia mahdollisuuksia monimuotoiselle luonnolle.<\/p><p><span style=\"font-family: Corbel, sans-serif;\">Teemme ekologista ennallistamista ja vahvistamme rakennetun ymp\u00e4rist\u00f6n biodiversiteetti\u00e4. Tavoitteenamme on kehitt\u00e4\u00e4 uusia toimintatapoja, joilla luonnon monimuotoisuus saadaan pelastettua.<\/span><\/p><p><span style=\"font-family: Corbel, sans-serif;\">Meill\u00e4 on vahva kokemus biodiversiteetin suunnitelmallisesta lis\u00e4\u00e4misest\u00e4, ekologisesta ennallistamisesta ja luonnonhoidosta. Yrityksen alkuvaiheessa meill\u00e4 on eniten asiantuntemusta avoimien elinymp\u00e4rist\u00f6jen kuten niittyjen, ketojen ja paahdeymp\u00e4rist\u00f6jen tuottamisesta.<\/span><\/p><p><span style=\"font-family: Corbel, sans-serif;\">L\u00e4hestymistapamme biodiversiteetin hallintaan on alhaalta yl\u00f6sp\u00e4in suuntautuva. Kehit\u00e4mme konkreettisia ratkaisuja ja uudenlaisia toimintatapoja, joilla luontokato voidaan p\u00e4ihitt\u00e4\u00e4. Teemme luonnon strategista ja ohjelmallista kehitt\u00e4mist\u00e4 malliesimerkkien kautta.<\/span><\/p><p><span style=\"font-family: Corbel, sans-serif;\">Hahmotamme ekologisen ennallistamisen ja biodiversiteetin yhteiskunnallisina k\u00e4yt\u00e4nt\u00f6in\u00e4, emme pelk\u00e4st\u00e4\u00e4n aineellisina infrastruktuureina. Siten jokaisen onnistuneen ratkaisun takana on sit\u00e4 varten kehitetty tapa organisoitua ja toimia.<\/span><\/p><p><span style=\"font-family: Corbel, sans-serif;\">Autamme muita organisaatioita biodiversiteetin vaalimisessa toimitusketjun miss\u00e4 tahansa vaiheessa. Biodiversiteetin vahvistaminen voi my\u00f6s vaatia uusien toimijuuksien kehitt\u00e4mist\u00e4. Lis\u00e4ksi toteutamme ratkaisuja luontokatoon avaimet k\u00e4teen -periaatteella.<\/span><\/p>\t\t\t\t\t\t\t\t<\/div>\n\t\t\t\t<\/div>\n\t\t\t\t<div class=\"elementor-element elementor-element-1aee874 elementor-widget elementor-widget-spacer\" data-id=\"1aee874\" data-element_type=\"widget\" data-e-type=\"widget\" data-widget_type=\"spacer.default\">\n\t\t\t\t<div class=\"elementor-widget-container\">\n\t\t\t\t\t\t\t<div class=\"elementor-spacer\">\n\t\t\t<div class=\"elementor-spacer-inner\"><\/div>\n\t\t<\/div>\n\t\t\t\t\t\t<\/div>\n\t\t\t\t<\/div>\n\t\t\t\t\t<\/div>\n\t\t\t\t<\/div>\n\t\t<div class=\"elementor-element elementor-element-5913cd1 e-flex e-con-boxed e-con e-parent\" data-id=\"5913cd1\" data-element_type=\"container\" data-e-type=\"container\" data-settings=\"{&quot;background_background&quot;:&quot;classic&quot;}\">\n\t\t\t\t\t<div class=\"e-con-inner\">\n\t\t\t\t\t<\/div>\n\t\t\t\t<\/div>\n\t\t<div class=\"elementor-element elementor-element-939a1fd e-flex e-con-boxed e-con e-parent\" data-id=\"939a1fd\" data-element_type=\"container\" data-e-type=\"container\">\n\t\t\t\t\t<div class=\"e-con-inner\">\n\t\t<div class=\"elementor-element elementor-element-f336779 e-con-full e-flex e-con e-child\" data-id=\"f336779\" data-element_type=\"container\" data-e-type=\"container\">\n\t\t\t\t<div class=\"elementor-element elementor-element-0a6bc87 elementor-widget elementor-widget-spacer\" data-id=\"0a6bc87\" data-element_type=\"widget\" data-e-type=\"widget\" data-widget_type=\"spacer.default\">\n\t\t\t\t<div class=\"elementor-widget-container\">\n\t\t\t\t\t\t\t<div class=\"elementor-spacer\">\n\t\t\t<div class=\"elementor-spacer-inner\"><\/div>\n\t\t<\/div>\n\t\t\t\t\t\t<\/div>\n\t\t\t\t<\/div>\n\t\t\t\t<\/div>\n\t\t\t\t<div class=\"elementor-element elementor-element-3912bce elementor-widget elementor-widget-text-editor\" data-id=\"3912bce\" data-element_type=\"widget\" data-e-type=\"widget\" data-widget_type=\"text-editor.default\">\n\t\t\t\t<div class=\"elementor-widget-container\">\n\t\t\t\t\t\t\t\t\t<h1>N\u00e4kemyksemme<\/h1><p><span style=\"font-family: Corbel, sans-serif;\">Luonnon monimuotoisuuden vahvistaminen ja ekologinen ennallistaminen ovat yhteiskunnallisina k\u00e4yt\u00e4nt\u00f6in\u00e4 vasta elinkaarensa alkuvaiheessa. Vain harvat toimintatavat ovat vakiintuneita. Suurin osa mahdollisista ratkaisuista on viel\u00e4 keksim\u00e4tt\u00e4.<\/span><\/p><p><span style=\"font-family: Corbel, sans-serif;\">Luontokadon aikakaudella inhimillisten k\u00e4yt\u00e4nt\u00f6jen on muututtava. Luonnon monimuotoisuuden aktiivinen vahvistaminen on rakentava ja tulevaisuuteen suuntautuva n\u00e4k\u00f6kulma, joka on j\u00e4\u00e4nyt vallitsevissa luonnonsuojelun k\u00e4yt\u00e4nn\u00f6iss\u00e4 v\u00e4hemm\u00e4lle. Yhteiskunnallisella kritiikill\u00e4 ja perinteisell\u00e4 s\u00e4\u00e4st\u00e4v\u00e4ll\u00e4 luonnonsuojelulla on edelleen paljon teht\u00e4v\u00e4\u00e4, mutta sen rinnalle tarvitaan t\u00e4ydent\u00e4vi\u00e4 n\u00e4k\u00f6kulmia. Ei riit\u00e4, ett\u00e4 nykyisen monimuotoisen luonnon j\u00e4ljell\u00e4 olevat rippeet suojellaan, vaan monimuotoista luontoa on palautettava takaisin ihmisen heikent\u00e4mille alueille.<\/span><\/p>\t\t\t\t\t\t\t\t<\/div>\n\t\t\t\t<\/div>\n\t\t\t\t<div class=\"elementor-element elementor-element-0a9082a elementor-widget elementor-widget-spacer\" data-id=\"0a9082a\" data-element_type=\"widget\" data-e-type=\"widget\" data-widget_type=\"spacer.default\">\n\t\t\t\t<div class=\"elementor-widget-container\">\n\t\t\t\t\t\t\t<div class=\"elementor-spacer\">\n\t\t\t<div class=\"elementor-spacer-inner\"><\/div>\n\t\t<\/div>\n\t\t\t\t\t\t<\/div>\n\t\t\t\t<\/div>\n\t\t\t\t\t<\/div>\n\t\t\t\t<\/div>\n\t\t<div class=\"elementor-element elementor-element-8d4757f e-flex e-con-boxed e-con e-parent\" data-id=\"8d4757f\" data-element_type=\"container\" data-e-type=\"container\" data-settings=\"{&quot;background_background&quot;:&quot;classic&quot;}\">\n\t\t\t\t\t<div class=\"e-con-inner\">\n\t\t\t\t\t<\/div>\n\t\t\t\t<\/div>\n\t\t<div class=\"elementor-element elementor-element-ecc28b1 e-flex e-con-boxed e-con e-parent\" data-id=\"ecc28b1\" data-element_type=\"container\" data-e-type=\"container\">\n\t\t\t\t\t<div class=\"e-con-inner\">\n\t\t<div class=\"elementor-element elementor-element-873ea70 e-con-full e-flex e-con e-child\" data-id=\"873ea70\" data-element_type=\"container\" data-e-type=\"container\">\n\t\t\t\t<div class=\"elementor-element elementor-element-ae9ff48 elementor-widget elementor-widget-spacer\" data-id=\"ae9ff48\" data-element_type=\"widget\" data-e-type=\"widget\" data-widget_type=\"spacer.default\">\n\t\t\t\t<div class=\"elementor-widget-container\">\n\t\t\t\t\t\t\t<div class=\"elementor-spacer\">\n\t\t\t<div class=\"elementor-spacer-inner\"><\/div>\n\t\t<\/div>\n\t\t\t\t\t\t<\/div>\n\t\t\t\t<\/div>\n\t\t\t\t<\/div>\n\t\t\t\t<div class=\"elementor-element elementor-element-a7084a1 elementor-widget elementor-widget-text-editor\" data-id=\"a7084a1\" data-element_type=\"widget\" data-e-type=\"widget\" data-widget_type=\"text-editor.default\">\n\t\t\t\t<div class=\"elementor-widget-container\">\n\t\t\t\t\t\t\t\t\t<h1>Menetelm\u00e4mme<\/h1><h2>\u00a0<\/h2><h2><span style=\"font-family: Corbel, sans-serif;\"><i><b>Luonnon infrastruktuurien rakentaminen<\/b><\/i><\/span><\/h2><p><span style=\"font-family: Corbel, sans-serif;\">Ratkaisumme ovat kokeellisia ja ne pyrkiv\u00e4t uudenlaisten infrastruktuurien muodostamiseen. Ekologisessa ennallistamisessa ja luonnonhoidossa rakennamme uusia alueita luonnon kasvuvoimaa hy\u00f6dynt\u00e4m\u00e4ll\u00e4. Olemme erikoistuneet siemenperustaiseen ekologiseen ennallistamiseen (<i>seed-based restoration<\/i>), jossa monimuotoisuuden kannalta merkityksellisi\u00e4 kasvilajeja kasvatetaan ja lis\u00e4t\u00e4\u00e4n aktiivisesti siemeni\u00e4 kylv\u00e4m\u00e4ll\u00e4 ja taimia kasvattamalla.<\/span><\/p><h2>\u00a0<\/h2><h2><span style=\"font-family: Corbel, sans-serif;\"><i><b>Uusien toimintatapojen kehitt\u00e4minen<br \/><\/b><\/i><\/span><\/h2><p><span style=\"font-family: Corbel, sans-serif;\">Jokaisen monimuotoisen ekosysteemin takana on yhteiskunnallista organisoitumista, joka on tuottanut tavoitellun luonnon tilan. Luonnonsuojelussa ei ole kannattavaa suojella, ennallistaa tai hoitaa vain rajattuja alueita vaan samaan aikaan kannattaa aina kehitt\u00e4\u00e4 my\u00f6s toimintatapaa. Vain siten luonnonsuojelulla on yleistymisen mahdollisuuksia ja ajallista jatkuvuutta tulevaisuudessa.<\/span><\/p><p><span style=\"font-family: Corbel, sans-serif;\">L\u00e4hestymistapamme on alhaalta yl\u00f6s -tyyppinen. Luomme uusia toimintatapoja k\u00e4yt\u00e4nn\u00f6n tekemisen kautta. Kun toiminta uudistuu luonto edell\u00e4 eik\u00e4 vain paperilla, vaikutukset ovat aina konkreettisia. Kun on kyse uudenlaisista toimintatavoista, biodiversiteetin strateginen ja ohjelmallinen kehitt\u00e4minen toteutetaan malliesimerkkien avulla. Toimivat ja merkitykselliset malliesimerkit ovat houkuttelevia ja niiden perustamiseksi ollaan valmiiksi motivoituneita.<\/span><\/p><h2>\u00a0<\/h2><h2><span style=\"font-family: Corbel, sans-serif;\"><i><b>Toimitusketjujen ja toimijuuksien rakentaminen<\/b><\/i><\/span><\/h2><p>Tulevaisuuden monimuotoinen luonto on mahdollista tuottaa vain yhteisty\u00f6ss\u00e4. Autamme muita organisaatioita toimissaan biodiversiteetin vahvistamiseksi. <span style=\"font-family: Corbel, sans-serif;\">Nykyisten toimijoiden toimintatapoja on parannettava, rakennettava uudenlaisia toimitusketjuja ja perustettava kokonaan uusia toimijoita. Joskus luonnon monimuotoisuuden vahvistamiseen riitt\u00e4\u00e4 olemassaolevan toimitusketjun osittainen parantaminen. Tarvitaan my\u00f6s kokonaan uudenlaisten toimitusketjujen rakentamista ja uusia toimijoita.<\/span><\/p><h2>\u00a0<\/h2><h2><span style=\"font-family: Corbel, sans-serif;\"><i><b>Rakentava ja toiveikas asenne<\/b><\/i><\/span><\/h2><p>L\u00e4hestymistapamme luonnonsuojeluun on vastavuoroinen: on kehitett\u00e4v\u00e4 sellaisia k\u00e4yt\u00e4nt\u00f6j\u00e4, joissa biodiversiteetti kytkeytyy rakentavalla ja positiivisella tavalla muihin yhteiskunnallisiin toimintoihin. Toisin sanoen, luonnonsuojelu ja biodiversiteetti t\u00e4ytyy tulevaisuudessa kokea tavoiteltavana ja haluttuna, eik\u00e4 muita toimintoja h\u00e4iritsev\u00e4n\u00e4 asiana. Luonnon monimuotoisuus vahvistuu tulevaisuudessa vain jos se on rakentavalla tavalla mukana organisaatioiden ja kansalaisten toiminnoissa.<\/p><p>Kritiikki on edelleen tarpeen luonnonsuojelun edist\u00e4miseksi. Yhteiskunnallisiin ep\u00e4kohtiin keskittyminen ei kuitenkaan ole ainoa ratkaisu tulevaisuuteen. Rakentava ja toiveikas asenne auttaa tunnistamaan luonnonsuojelun uusia mahdollisuuksia ja yhteistoiminnan paikkoja.<\/p><p>\u00a0<\/p><h2><span style=\"font-family: Corbel, sans-serif;\"><i><b>Sosio-ekologinen kuvittelu<br \/><\/b><\/i><\/span><\/h2><p><span style=\"font-family: Corbel, sans-serif;\">Uudenlaisten monimuotoista luontoa ja yhteiskunnallisia toimintoja osoittavien malliesimerkkien rakentaminen perustuu asioille, jotka eiv\u00e4t ole viel\u00e4 todellisia, mutta joiden aiheet ovat l\u00e4sn\u00e4 nykyajassa. Tulevaisuuden ratkaisujen innovointi vaatii kuvittelua, jossa vanhat asiat saavat uuden j\u00e4rjestyksen.<\/span><\/p><p><span style=\"font-family: Corbel, sans-serif;\">Sosio-ekologisessa kuvittelussa yhdistyy inspiroituminen, k\u00e4yt\u00e4nt\u00f6jen etnografinen havainnointi, analoginen ajattelu, kotimaiset ja kansainv\u00e4liset mallikohteet, tieteelliset julkaisut, kokemuksellinen tieto ja k\u00e4sill\u00e4 tekeminen. Konkreettisten ja testattavien hypoteesien lis\u00e4ksi sosio-ekologinen kuvittelu tuottaa k\u00e4sitteellist\u00e4 innovointia, joka edesauttaa uusien toimintatapojen yleistymist\u00e4. <br \/><\/span><\/p>\t\t\t\t\t\t\t\t<\/div>\n\t\t\t\t<\/div>\n\t\t\t\t<div class=\"elementor-element elementor-element-3e07fef elementor-widget elementor-widget-spacer\" data-id=\"3e07fef\" data-element_type=\"widget\" data-e-type=\"widget\" data-widget_type=\"spacer.default\">\n\t\t\t\t<div class=\"elementor-widget-container\">\n\t\t\t\t\t\t\t<div class=\"elementor-spacer\">\n\t\t\t<div class=\"elementor-spacer-inner\"><\/div>\n\t\t<\/div>\n\t\t\t\t\t\t<\/div>\n\t\t\t\t<\/div>\n\t\t\t\t\t<\/div>\n\t\t\t\t<\/div>\n\t\t<div class=\"elementor-element elementor-element-4114548 e-flex e-con-boxed e-con e-parent\" data-id=\"4114548\" data-element_type=\"container\" data-e-type=\"container\" data-settings=\"{&quot;background_background&quot;:&quot;classic&quot;}\">\n\t\t\t\t\t<div class=\"e-con-inner\">\n\t\t\t\t\t<\/div>\n\t\t\t\t<\/div>\n\t\t\t\t<\/div>\n\t\t","protected":false},"excerpt":{"rendered":"<p>Mit\u00e4 teemme? Olemme osakeyhti\u00f6, joka vauhdittaa yhteiskunnallista siirtym\u00e4\u00e4 parempaan biodiversiteetin hallintaan. Tavoitteenamme on tuottaa konkreettisia ja rakentavia ratkaisuja, jotka osoittavat tulevaisuuden uudenlaisia mahdollisuuksia monimuotoiselle luonnolle. Teemme ekologista ennallistamista ja vahvistamme rakennetun ymp\u00e4rist\u00f6n biodiversiteetti\u00e4. Tavoitteenamme on kehitt\u00e4\u00e4 uusia toimintatapoja, joilla luonnon monimuotoisuus saadaan pelastettua. Meill\u00e4 on vahva kokemus biodiversiteetin suunnitelmallisesta lis\u00e4\u00e4misest\u00e4, ekologisesta ennallistamisesta ja luonnonhoidosta. Yrityksen&#8230;<\/p>\n","protected":false},"author":1,"featured_media":0,"parent":0,"menu_order":0,"comment_status":"closed","ping_status":"closed","template":"elementor_header_footer","meta":{"_kad_post_transparent":"","_kad_post_title":"hide","_kad_post_layout":"fullwidth","_kad_post_sidebar_id":"","_kad_post_content_style":"unboxed","_kad_post_vertical_padding":"hide","_kad_post_feature":"hide","_kad_post_feature_position":"","_kad_post_header":false,"_kad_post_footer":false,"_kad_post_classname":"","footnotes":""},"class_list":["post-65","page","type-page","status-publish","hentry"],"_links":{"self":[{"href":"https:\/\/tulevaluonto.fi\/index.php?rest_route=\/wp\/v2\/pages\/65","targetHints":{"allow":["GET"]}}],"collection":[{"href":"https:\/\/tulevaluonto.fi\/index.php?rest_route=\/wp\/v2\/pages"}],"about":[{"href":"https:\/\/tulevaluonto.fi\/index.php?rest_route=\/wp\/v2\/types\/page"}],"author":[{"embeddable":true,"href":"https:\/\/tulevaluonto.fi\/index.php?rest_route=\/wp\/v2\/users\/1"}],"replies":[{"embeddable":true,"href":"https:\/\/tulevaluonto.fi\/index.php?rest_route=%2Fwp%2Fv2%2Fcomments&post=65"}],"version-history":[{"count":20,"href":"https:\/\/tulevaluonto.fi\/index.php?rest_route=\/wp\/v2\/pages\/65\/revisions"}],"predecessor-version":[{"id":439,"href":"https:\/\/tulevaluonto.fi\/index.php?rest_route=\/wp\/v2\/pages\/65\/revisions\/439"}],"wp:attachment":[{"href":"https:\/\/tulevaluonto.fi\/index.php?rest_route=%2Fwp%2Fv2%2Fmedia&parent=65"}],"curies":[{"name":"wp","href":"https:\/\/api.w.org\/{rel}","templated":true}]}}